{"id":55,"date":"2021-11-18T12:53:19","date_gmt":"2021-11-18T12:53:19","guid":{"rendered":"https:\/\/eensane.infp.ro\/?page_id=55"},"modified":"2023-11-09T17:51:09","modified_gmt":"2023-11-09T17:51:09","slug":"results","status":"publish","type":"page","link":"https:\/\/eensane.infp.ro\/?page_id=55","title":{"rendered":"Results"},"content":{"rendered":"\n<h2 class=\"wp-block-heading\">Articles:<\/h2>\n\n\n\n<p>Petrescu, L., Borleanu, F. and Placinta, A.O., 2022. <a href=\"https:\/\/www.sciencedirect.com\/science\/article\/abs\/pii\/S0031920122000152\" data-type=\"URL\" data-id=\"https:\/\/www.sciencedirect.com\/science\/article\/abs\/pii\/S0031920122000152\">Seismic structure of a Tethyan back-arc: transdimensional ambient noise tomography of the Black Sea lithosphere<\/a>. Physics of the Earth and Planetary Interiors, 325, p.106854.<\/p>\n\n\n\n<figure class=\"wp-block-image size-large\"><img loading=\"lazy\" decoding=\"async\" width=\"1024\" height=\"621\" src=\"https:\/\/eensane.infp.ro\/wp-content\/uploads\/2021\/11\/cross_sections-1024x621.png\" alt=\"\" class=\"wp-image-67\" srcset=\"https:\/\/eensane.infp.ro\/wp-content\/uploads\/2021\/11\/cross_sections-1024x621.png 1024w, https:\/\/eensane.infp.ro\/wp-content\/uploads\/2021\/11\/cross_sections-300x182.png 300w, https:\/\/eensane.infp.ro\/wp-content\/uploads\/2021\/11\/cross_sections-768x466.png 768w, https:\/\/eensane.infp.ro\/wp-content\/uploads\/2021\/11\/cross_sections-1536x932.png 1536w, https:\/\/eensane.infp.ro\/wp-content\/uploads\/2021\/11\/cross_sections.png 1892w\" sizes=\"auto, (max-width: 1024px) 100vw, 1024px\" \/><figcaption><em><span class=\"has-inline-color has-cyan-bluish-gray-color\">Selected sections of shear wave velocity tomography of the Black Sea lithosphere (Petrescu et al., 2021, PEPI)<\/span><\/em><\/figcaption><\/figure>\n\n\n\n<p>Petrescu, L., Borleanu, F., K\u00e4stle, E., Stephenson, R., Pl\u0103cint\u0103, A. and Liashchuk, O.I., 2024. <a href=\"https:\/\/www.sciencedirect.com\/science\/article\/pii\/S1342937X23002563\">Seismic structure of the Eastern European crust and upper mantle from probabilistic ambient noise tomography<\/a>. Gondwana Research, 125, pp.390-405.<\/p>\n\n\n\n<figure class=\"wp-block-image size-large\"><img loading=\"lazy\" decoding=\"async\" width=\"1024\" height=\"617\" src=\"https:\/\/eensane.infp.ro\/wp-content\/uploads\/2023\/11\/1-s2.0-S1342937X23002563-ga1_lrg-1024x617.jpg\" alt=\"\" class=\"wp-image-92\" srcset=\"https:\/\/eensane.infp.ro\/wp-content\/uploads\/2023\/11\/1-s2.0-S1342937X23002563-ga1_lrg-1024x617.jpg 1024w, https:\/\/eensane.infp.ro\/wp-content\/uploads\/2023\/11\/1-s2.0-S1342937X23002563-ga1_lrg-300x181.jpg 300w, https:\/\/eensane.infp.ro\/wp-content\/uploads\/2023\/11\/1-s2.0-S1342937X23002563-ga1_lrg-768x463.jpg 768w, https:\/\/eensane.infp.ro\/wp-content\/uploads\/2023\/11\/1-s2.0-S1342937X23002563-ga1_lrg.jpg 1471w\" sizes=\"auto, (max-width: 1024px) 100vw, 1024px\" \/><figcaption><em><span class=\"has-inline-color has-cyan-bluish-gray-color\">Selected cross-sections of shear wave velocity tomography across the Eastern European lithosphere (Petrescu et al., 2023, Gondwana Research)<\/span><\/em><\/figcaption><\/figure>\n\n\n\n<p>Borleanu, F., Petrescu, L., Placinta, A.O., Magrini, F., Grecu, B., Radulian, M. and De Siena, L., 2023. <a href=\"http:\/\/chrome-extension:\/\/efaidnbmnnnibpcajpcglclefindmkaj\/https:\/\/watermark.silverchair.com\/ggad408.pdf?token=AQECAHi208BE49Ooan9kkhW_Ercy7Dm3ZL_9Cf3qfKAc485ysgAAA2MwggNfBgkqhkiG9w0BBwagggNQMIIDTAIBADCCA0UGCSqGSIb3DQEHATAeBglghkgBZQMEAS4wEQQMPVyDuYIF6jetUxTWAgEQgIIDFtCr6uTuYkwV10hvnKEVwnmtvFOdXuvwRxF8OT4YmBazklVxW1uSTGiXfJn-Mn5NNQlp3k7AGCZmq5itmZ6rxAOcqbv0AnbjlswtFsUIAw2ACpznbQrkOPxaS-QP-BpQHfSqSLoBFOOtvgPbADIDikLiYN2QVnhKuVkhc9PQ3cHfMppzwo7ACqVa2r8Yk6zvhG0KR80P7Ws3mJA0c-8YUxt8b0YGh5i3OrUISipNxy0KEY2rBSK9CgiVkGS-uZau4OuYSJwoLf3kTtIDoewSchOH1Bm2WF6h5BrkAOUIyGjAN6Ry-C8Ru4mIxj5bWUe8OWEUr0t5mNDvM-r1KT3w4Zlgm8EjWsD5NzMvN4uVPIQ1w1PJkwznqAzXlOz_arY1YyyzJx7YeM3-ems3_wK443W8f3L2eHiO3yQcVlALyIGozv_fbnOvMdWHK1D0S17V3uRmVN7aUMuMqinEFeDvMZUsIJDc5ikR4FEsrum8e76g8Ng2Xr-mr6Fd67qpgVIpsi2RA2jiLHI04J5XnMmhMoNAZ3En2UJwW8as6tUGUu7-1vClsJti7-i41P4oOR5D0DlQeI9rzuNt6XihvBkzypoQMav_hB4aPUo8ahGcQxKiaOs4vJlVndGHnt6UruXJfNriAlpN0KkKJGP2DPHTEKOZq7scw-DoiVBLQiWeXGc2vaCt4I3RRlvyX3unChxjDJIIbGC0muB-K9Kz9lQFJ-EUMAQWV3bcKY3wc4hDtRXo5qNzocTvg6LwC84AimM2pxL_P9u5S2MbsaCPlrLw-I3sWxtJPlB04qVzbnPh287HwLBtYs4QomsudxfneqBEOM8kDPzbccR-o8uh5iytJf1BaKml1D-fJJ2MqBz9p8RpFbSieXqArk4oM0STg7WVBNqaThoaXaMmFzJsXQRU1HWVZB8exLp9O3wBilgJAdUbxUQIwFc3jMizCqcLaU3Rr-T5ZhrsHPQVWELZUUlKK50R7d7geMaT9zYjd9eSLDxzAQ4opjCpeuZmLAoH7w2-8OYHQWlp413muSWWIRwejfQyK-GexC8\">Seismic attenuation tomography of Eastern Europe from ambient seismic noise analysis. <\/a>Geophysical Journal International, p.ggad408.<\/p>\n\n\n\n<p>Kalm\u00e1r, D., Petrescu, L., Stip\u010devi\u0107, J., Bal\u00e1zs, A., J\u00e1nos Kov\u00e1cs, I. and AlpArray and PACASE Working Groups, 2023. <a href=\"http:\/\/chrome-extension:\/\/efaidnbmnnnibpcajpcglclefindmkaj\/https:\/\/agupubs.onlinelibrary.wiley.com\/doi\/pdfdirect\/10.1029\/2023GC010937\" data-type=\"URL\" data-id=\"chrome-extension:\/\/efaidnbmnnnibpcajpcglclefindmkaj\/https:\/\/agupubs.onlinelibrary.wiley.com\/doi\/pdfdirect\/10.1029\/2023GC010937\">Lithospheric Structure of the Circum\u2010Pannonian Region Imaged by S\u2010To\u2010P Receiver Functions.<\/a> Geochemistry, Geophysics, Geosystems, 24(9), p.e2023GC010937.<\/p>\n\n\n\n<p>Petrescu, L., Mihai, A. and Borleanu, F., 2023.<a href=\"https:\/\/www.sciencedirect.com\/science\/article\/pii\/S026437072300025X\" data-type=\"URL\" data-id=\"https:\/\/www.sciencedirect.com\/science\/article\/pii\/S026437072300025X\"> Slab tear and rotation imaged with core-refracted shear wave anisotropy.<\/a> Journal of Geodynamics, 157, p.101985.<\/p>\n\n\n\n<figure class=\"wp-block-image size-large\"><img loading=\"lazy\" decoding=\"async\" width=\"1017\" height=\"1024\" src=\"https:\/\/eensane.infp.ro\/wp-content\/uploads\/2023\/11\/1-s2.0-S026437072300025X-gr7_lrg-1017x1024.jpg\" alt=\"\" class=\"wp-image-95\" srcset=\"https:\/\/eensane.infp.ro\/wp-content\/uploads\/2023\/11\/1-s2.0-S026437072300025X-gr7_lrg-1017x1024.jpg 1017w, https:\/\/eensane.infp.ro\/wp-content\/uploads\/2023\/11\/1-s2.0-S026437072300025X-gr7_lrg-298x300.jpg 298w, https:\/\/eensane.infp.ro\/wp-content\/uploads\/2023\/11\/1-s2.0-S026437072300025X-gr7_lrg-150x150.jpg 150w, https:\/\/eensane.infp.ro\/wp-content\/uploads\/2023\/11\/1-s2.0-S026437072300025X-gr7_lrg-768x773.jpg 768w, https:\/\/eensane.infp.ro\/wp-content\/uploads\/2023\/11\/1-s2.0-S026437072300025X-gr7_lrg-1525x1536.jpg 1525w, https:\/\/eensane.infp.ro\/wp-content\/uploads\/2023\/11\/1-s2.0-S026437072300025X-gr7_lrg-2034x2048.jpg 2034w\" sizes=\"auto, (max-width: 1017px) 100vw, 1017px\" \/><figcaption><em><span class=\"has-inline-color has-cyan-bluish-gray-color\">Schematic interpretation of mantle flow and lithospheric deformation in the South-East Carpathians, Vrancea slab. (Petrescu et al., 2023, JoG)<\/span><\/em><\/figcaption><\/figure>\n\n\n\n<p>Petrescu, L., Popa, M. and Radulian, M., 2023. Shallow seismic structure around the Vrancea Seismic Zone from joint inversion of ambient noise H\/V ratios and surface wave dispersion. Tectonophysics, 859, p.229897.<\/p>\n\n\n\n<p>Petrescu, L., Pl\u0103cint\u0103, A.O., Borleanu, F., Radulian, M. and Cioflan, C., 2023. Past Earthquake Simulations Using Ambient Seismic Noise in Vrancea, Romania. Seismological Research Letters, 94(5), pp.2373-2383.<\/p>\n\n\n\n<p>Borleanu, F., Petrescu, L., Seghedi, I., Thomas, C. and De Siena, L., 2023. The seismic attenuation signature of collisional orogens and sedimentary basins within the Carpathian Orogen. Global and Planetary Change, 223, p.104093.<\/p>\n\n\n\n<p><\/p>\n\n\n\n<h2 class=\"wp-block-heading\">Conference presentations:<\/h2>\n\n\n\n<p><strong>Petrescu, L<\/strong>.,Borleanu, F., K\u00e4stle, E., Stephenson, Placinta, A., Liashchuk O.I. 2023, Nov. A NEW 3D SHEAR WAVE TOMOGRAPHY MODEL OF THE EASTERN EUROPEAN LITHOSPHERE FROM AMBIENT SEISMIC NOISE. In the International Geoscience <a href=\"https:\/\/geosymposium.org\/technical-program\/\" data-type=\"URL\" data-id=\"https:\/\/geosymposium.org\/technical-program\/\">Symposium 2023 abstracts<\/a><\/p>\n\n\n\n<p><strong>Mihai, A<\/strong>., Petrescu, L., Borleanu, F. 2023, Nov. MULTI-LAYER INVERSIONS OF SKS WAVES IN THE SOUTH-EAST CARPATHIANS VRANCEA SUBDUCTION ZONE FLOW FROM CORE-REFRACTED SHEAR WAVE ANISOTROPY. In the International Geoscience <a href=\"https:\/\/geosymposium.org\/technical-program\/\">Symposium 2023 abstracts<\/a><\/p>\n\n\n\n<p><strong>Petrescu, L.<\/strong>, Borleanu, F., Placinta, A., Radulian, M., Popa, M.,  Kalmar, D., K\u00e4stle, E., Stephenson, R. Kovacs, I., Liashchuk O.I., 2023, Nov. NEW METHODS AND MODELS OF AMBIENT SEISMIC NOISE IMAGING IN EASTERN EUROPE. In the International Geoscience <a href=\"https:\/\/geosymposium.org\/technical-program\/\" data-type=\"URL\" data-id=\"https:\/\/geosymposium.org\/technical-program\/\">Symposium 2023 abstracts<\/a><\/p>\n\n\n\n<p><strong>Placinta, A.<\/strong>, Petrescu, L., Borleanu, F. 2023, Sep. RECONSTRUCTING THE 1977 VRANCEA EARTHQUAKE USING AMBIENT NOISE RECORDINGS. In the 8th World Multidisciplinary Earth Sciences Symposium &#8211; <a href=\"http:\/\/chrome-extension:\/\/efaidnbmnnnibpcajpcglclefindmkaj\/https:\/\/www.mess-earth.org\/files\/WMESS2023_Book.pdf\">WMESS 2023 Conference Abstracts<\/a><\/p>\n\n\n\n<p>Petrescu, L., <strong>Placinta, A<\/strong>. Borleanu, F., Radulian, M., Popa, M., Andrei Mihai, Alina Coman, Carmen Cioflan, 2023, Sep. THE EENSANE (EASTERN EUROPEAN AMBIENT SEISMIC NOISE) PROJECT: A NEW DATABASE OF AMBIENT NOISE CROSS-CORRELATIONS AND CRUSTAL TOMOGRAPHY MODELS. In the 8th World Multidisciplinary Earth Sciences Symposium &#8211; <a href=\"http:\/\/chrome-extension:\/\/efaidnbmnnnibpcajpcglclefindmkaj\/https:\/\/www.mess-earth.org\/files\/WMESS2023_Book.pdf\" data-type=\"URL\" data-id=\"chrome-extension:\/\/efaidnbmnnnibpcajpcglclefindmkaj\/https:\/\/www.mess-earth.org\/files\/WMESS2023_Book.pdf\">WMESS 2023 Conference Abstracts<\/a><\/p>\n\n\n\n<p><strong>Petrescu, L.<\/strong>, Placinta, A., Radulian, M. 2023, Jul. Reconstructing ground motion from past earthquakes in the Vrancea Seismic Zone using ambient seismic noise . In  In the XXVIII General Assembly of the International Union of Geodesy and Geophysics- <a href=\"https:\/\/c-in.floq.live\/event\/iugg2023berlin\/search?objectClass=programelement&amp;objectId=649483f764c73802ac74b8e4&amp;type=detail\" data-type=\"URL\" data-id=\"https:\/\/c-in.floq.live\/event\/iugg2023berlin\/search?objectClass=programelement&amp;objectId=649483f764c73802ac74b8e4&amp;type=detail\">IUGG conference abstracts<\/a><\/p>\n\n\n\n<p><strong>Coman, A<\/strong>. and Petrescu, L., 2023. Near-surface ambient-noise seismic tomography of Bucharest, Romania. In EGU General Assembly <a href=\"https:\/\/meetingorganizer.copernicus.org\/EGU23\/EGU23-14984.html\">Conference abstracts<\/a> (No. EGU23-14984). Copernicus Meetings.<\/p>\n\n\n\n<div class=\"wp-block-image\"><figure class=\"aligncenter size-large is-resized\"><img loading=\"lazy\" decoding=\"async\" src=\"https:\/\/eensane.infp.ro\/wp-content\/uploads\/2023\/11\/Screenshot-2023-11-09-at-19.21.41.png\" alt=\"\" class=\"wp-image-96\" width=\"394\" height=\"370\" srcset=\"https:\/\/eensane.infp.ro\/wp-content\/uploads\/2023\/11\/Screenshot-2023-11-09-at-19.21.41.png 430w, https:\/\/eensane.infp.ro\/wp-content\/uploads\/2023\/11\/Screenshot-2023-11-09-at-19.21.41-300x282.png 300w\" sizes=\"auto, (max-width: 394px) 100vw, 394px\" \/><figcaption><em><span class=\"has-inline-color has-cyan-bluish-gray-color\">Rayleigh wave phase velocity map of Bucharest at a period of 4 s <\/span><\/em><\/figcaption><\/figure><\/div>\n\n\n\n<p><strong>Petrescu, L.<\/strong> , Mihai, A., Borleanu, F., 2023,Apr. Slab tear and rotation imaged with core-refracted shear wave anisotropy.  In EGU General Assembly <a href=\"https:\/\/meetingorganizer.copernicus.org\/EGU23\/EGU23-12807.html\" data-type=\"URL\" data-id=\"https:\/\/meetingorganizer.copernicus.org\/EGU23\/EGU23-12807.html\">Conference abstracts<\/a><\/p>\n\n\n\n<p><strong>Kalm\u00e1r, D<\/strong>., Petrescu, L., Het\u00e9nyi, G., Stip\u010devi\u0107, J., Bal\u00e1zs, A., Bond\u00e1r, I. and Kov\u00e1cs, J.I., 2023. The lithospheric structure of the Alpine-Pannonian-Carpathians-Dinarides system: Inferences from P and S receiver function analyses. In the XXVIII General Assembly of the International Union of Geodesy and Geophysics- <a href=\"https:\/\/c-in.floq.live\/event\/iugg2023berlin\/search?objectClass=timeslot&amp;objectId=649483f764c73802ac7491af&amp;type=detail\" data-type=\"URL\" data-id=\"https:\/\/c-in.floq.live\/event\/iugg2023berlin\/search?objectClass=timeslot&amp;objectId=649483f764c73802ac7491af&amp;type=detail\">IUGG conference abstracts.<\/a><\/p>\n\n\n\n<p>Petrescu, L., <strong>Borleanu, F<\/strong>., Placinta, A. 2022, Oct. Crustal Structure of the East European Craton and Surrounding Orogens From Ambient Noise Tomography: Key Aspects of Craton Erosion and Mantle Plume Impact. In Seismological Society of America <a href=\"http:\/\/chrome-extension:\/\/efaidnbmnnnibpcajpcglclefindmkaj\/https:\/\/www.seismosoc.org\/wp-content\/uploads\/2022\/09\/SSA-Tomography-Program-2022_91322.pdf\" data-type=\"URL\" data-id=\"chrome-extension:\/\/efaidnbmnnnibpcajpcglclefindmkaj\/https:\/\/www.seismosoc.org\/wp-content\/uploads\/2022\/09\/SSA-Tomography-Program-2022_91322.pdf\">Seismic Tomography Conference Abstracts<\/a><\/p>\n\n\n\n<p><strong>Placinta, A.O.<\/strong>, Petrescu, L., Borleanu, F. and Radulian, M., 2022. Historical earthquake simulation using ambient seismic noise in Vrancea (Romania): preliminary results. In EGU General Assembly conference abstracts(No. EGU22-8290). Copernicus Meetings.<\/p>\n\n\n\n<p><strong>Borleanu, F.<\/strong>, Petrescu, L., Magrini, F., Otilia Placinta, A., Grecu, B., Radulian, M. and De Siena, L., 2022, May. Seismic attenuation tomography in the Carpathian-Pannonian region from ambient seismic noise analysis. In EGU General Assembly Conference Abstracts (pp. EGU22-9588).<\/p>\n\n\n\n<p><strong>Popa, M.<\/strong>, Radulian, M., Petrescu, L., 2022, Sep. Shallow seismic structure around the Vrancea Seismic Zone from joint inversion of ambient noise H\/V ratios and surface wave dispersion. In the 17<sup>th<\/sup>&nbsp;European Conference on Earthquake Engineering and the 38<sup>th<\/sup>&nbsp;General Assembly of the European Seismological Commission &#8211; 3ECEES conference abstracts. <\/p>\n\n\n\n<p><strong>Petrescu, L.<\/strong>, Kalmar, D, Kovacs, I., 2022, July. Slab graveyards versus mantle plumes: clues from the mantle transition zone beneath the Carpathian region imaged with ambient noise. In 17th Symposium Study of the Earth Deep Interior \u2013 <a href=\"http:\/\/chrome-extension:\/\/efaidnbmnnnibpcajpcglclefindmkaj\/https:\/\/sedi2022.earth.sinica.edu.tw\/pdf\/sedi2022_meeting_booklet_0707_v3.pdf\" data-type=\"URL\" data-id=\"chrome-extension:\/\/efaidnbmnnnibpcajpcglclefindmkaj\/https:\/\/sedi2022.earth.sinica.edu.tw\/pdf\/sedi2022_meeting_booklet_0707_v3.pdf\">SEDI 2022 conference abstracts<\/a>. <\/p>\n\n\n\n<p><strong>Borleanu, F<\/strong>., Petrescu, L., De Siena,L.,  Magrini, F., Placinta, A., Grecu, B., Radulian, M. 2021, Sep. <em>Preliminary results of attenuation tomography in the Carpathian-Pannonian region revealed by the analysis of ambient seismic noise&nbsp;<\/em> (oral presentation). In the <em>37th General Assembly of the European Seismological Commission<\/em>.<\/p>\n\n\n\n<figure class=\"wp-block-image size-large\"><img loading=\"lazy\" decoding=\"async\" width=\"1024\" height=\"758\" src=\"https:\/\/eensane.infp.ro\/wp-content\/uploads\/2021\/11\/Screenshot-2021-11-18-at-14.57.57-1024x758.png\" alt=\"\" class=\"wp-image-62\" srcset=\"https:\/\/eensane.infp.ro\/wp-content\/uploads\/2021\/11\/Screenshot-2021-11-18-at-14.57.57-1024x758.png 1024w, https:\/\/eensane.infp.ro\/wp-content\/uploads\/2021\/11\/Screenshot-2021-11-18-at-14.57.57-300x222.png 300w, https:\/\/eensane.infp.ro\/wp-content\/uploads\/2021\/11\/Screenshot-2021-11-18-at-14.57.57-768x568.png 768w, https:\/\/eensane.infp.ro\/wp-content\/uploads\/2021\/11\/Screenshot-2021-11-18-at-14.57.57-1536x1137.png 1536w, https:\/\/eensane.infp.ro\/wp-content\/uploads\/2021\/11\/Screenshot-2021-11-18-at-14.57.57.png 1732w\" sizes=\"auto, (max-width: 1024px) 100vw, 1024px\" \/><figcaption><em><span class=\"has-inline-color has-cyan-bluish-gray-color\">Top. Inter-station paths of ambient noise cross-correlogram-based Rayleigh waves (left) and an example of coda decay attenuation extraction process from one cross-correlogram (right). Bottom: Seismic attenuation of the Carpathian-Pannonian crust at periods 5-10 s(left) and 10-20s (right). <\/span><\/em><\/figcaption><\/figure>\n\n\n\n<p>Petrescu, L., Borleanu, F., Placinta, A., Kastle, E., Liashchuk, O.I., Marmureanu, A. 2021, Dec. <a href=\"https:\/\/ui.adsabs.harvard.edu\/abs\/2021AGUFM.S41B..02P\/abstract\"><em>Imaging the Eastern European lithosphere with ambient seismic noise<\/em>.<\/a> In the <em>American Geophysical Union Fall Meeting<\/em> &#8211; AGU Conference abstracts<\/p>\n\n\n\n<figure class=\"wp-block-image size-large\"><img loading=\"lazy\" decoding=\"async\" width=\"1024\" height=\"831\" src=\"https:\/\/eensane.infp.ro\/wp-content\/uploads\/2021\/11\/Screenshot-2021-11-18-at-15.04.33-1024x831.png\" alt=\"\" class=\"wp-image-64\" srcset=\"https:\/\/eensane.infp.ro\/wp-content\/uploads\/2021\/11\/Screenshot-2021-11-18-at-15.04.33-1024x831.png 1024w, https:\/\/eensane.infp.ro\/wp-content\/uploads\/2021\/11\/Screenshot-2021-11-18-at-15.04.33-300x244.png 300w, https:\/\/eensane.infp.ro\/wp-content\/uploads\/2021\/11\/Screenshot-2021-11-18-at-15.04.33-768x623.png 768w, https:\/\/eensane.infp.ro\/wp-content\/uploads\/2021\/11\/Screenshot-2021-11-18-at-15.04.33-1536x1247.png 1536w, https:\/\/eensane.infp.ro\/wp-content\/uploads\/2021\/11\/Screenshot-2021-11-18-at-15.04.33.png 1594w\" sizes=\"auto, (max-width: 1024px) 100vw, 1024px\" \/><figcaption><em><span class=\"has-inline-color has-cyan-bluish-gray-color\">Anisotropic phase velocity map of Eastern Europe from ambient noise-based Rayleigh waves at period 50 s.<\/span><\/em><\/figcaption><\/figure>\n\n\n\n<p><em><strong>Petrescu, L<\/strong>., Borleanu, F., Placinta, A., 2021, dec. <a href=\"https:\/\/ui.adsabs.harvard.edu\/abs\/2021AGUFM.S35B0222P\/abstract\" data-type=\"URL\" data-id=\"https:\/\/ui.adsabs.harvard.edu\/abs\/2021AGUFM.S35B0222P\/abstract\">The EENSANE project: an open-source database of ambient noise cross correlations and virtual earthquake simulations in Europe<\/a><\/em>. In the <em>American Geophysical Union Fall Meeting<\/em> &#8211; AGU Conference abstracts<\/p>\n\n\n\n<figure class=\"wp-block-image size-large\"><img loading=\"lazy\" decoding=\"async\" width=\"1024\" height=\"537\" src=\"https:\/\/eensane.infp.ro\/wp-content\/uploads\/2021\/11\/Screenshot-2021-11-18-at-12.40.48-1024x537.png\" alt=\"\" class=\"wp-image-66\" srcset=\"https:\/\/eensane.infp.ro\/wp-content\/uploads\/2021\/11\/Screenshot-2021-11-18-at-12.40.48-1024x537.png 1024w, https:\/\/eensane.infp.ro\/wp-content\/uploads\/2021\/11\/Screenshot-2021-11-18-at-12.40.48-300x157.png 300w, https:\/\/eensane.infp.ro\/wp-content\/uploads\/2021\/11\/Screenshot-2021-11-18-at-12.40.48-768x403.png 768w, https:\/\/eensane.infp.ro\/wp-content\/uploads\/2021\/11\/Screenshot-2021-11-18-at-12.40.48-1536x805.png 1536w, https:\/\/eensane.infp.ro\/wp-content\/uploads\/2021\/11\/Screenshot-2021-11-18-at-12.40.48.png 1854w\" sizes=\"auto, (max-width: 1024px) 100vw, 1024px\" \/><figcaption><em><span class=\"has-inline-color has-cyan-bluish-gray-color\"> Ambient noise cross-correlograms (right traces) between the broadband seismic station MLR in Romania (red triangle on the right map) and other broadband seismic stations in Eastern Europe (blue triangles) filtered between 10s and 20s. <\/span><\/em><\/figcaption><\/figure>\n\n\n\n<p><\/p>\n\n\n\n\n\n<p><\/p>\n","protected":false},"excerpt":{"rendered":"<p>Articles: Petrescu, L., Borleanu, F. and Placinta, A.O., 2022. Seismic structure of a Tethyan back-arc: transdimensional ambient noise tomography of the Black Sea lithosphere. Physics of the Earth and Planetary Interiors, 325, p.106854. Petrescu, L., Borleanu, F., K\u00e4stle, E., Stephenson, R., Pl\u0103cint\u0103, A. and Liashchuk, O.I., 2024. Seismic structure of the Eastern European crust and [&hellip;]<\/p>\n","protected":false},"author":2,"featured_media":0,"parent":0,"menu_order":0,"comment_status":"closed","ping_status":"closed","template":"","meta":{"footnotes":""},"class_list":["post-55","page","type-page","status-publish","hentry","post"],"_links":{"self":[{"href":"https:\/\/eensane.infp.ro\/index.php?rest_route=\/wp\/v2\/pages\/55","targetHints":{"allow":["GET"]}}],"collection":[{"href":"https:\/\/eensane.infp.ro\/index.php?rest_route=\/wp\/v2\/pages"}],"about":[{"href":"https:\/\/eensane.infp.ro\/index.php?rest_route=\/wp\/v2\/types\/page"}],"author":[{"embeddable":true,"href":"https:\/\/eensane.infp.ro\/index.php?rest_route=\/wp\/v2\/users\/2"}],"replies":[{"embeddable":true,"href":"https:\/\/eensane.infp.ro\/index.php?rest_route=%2Fwp%2Fv2%2Fcomments&post=55"}],"version-history":[{"count":11,"href":"https:\/\/eensane.infp.ro\/index.php?rest_route=\/wp\/v2\/pages\/55\/revisions"}],"predecessor-version":[{"id":111,"href":"https:\/\/eensane.infp.ro\/index.php?rest_route=\/wp\/v2\/pages\/55\/revisions\/111"}],"wp:attachment":[{"href":"https:\/\/eensane.infp.ro\/index.php?rest_route=%2Fwp%2Fv2%2Fmedia&parent=55"}],"curies":[{"name":"wp","href":"https:\/\/api.w.org\/{rel}","templated":true}]}}